{"id":28,"date":"2026-01-21T07:55:23","date_gmt":"2026-01-21T07:55:23","guid":{"rendered":"https:\/\/mayer-tech.com\/galerie\/"},"modified":"2026-03-11T09:18:53","modified_gmt":"2026-03-11T09:18:53","slug":"galerie","status":"publish","type":"page","link":"https:\/\/mayer-tech.com\/en\/galerie\/","title":{"rendered":"Gallery"},"content":{"rendered":"<div class=\"wp-block-group alignfull is-style-ext-preset--group--natural-1--section has-background-background-color has-background has-global-padding is-layout-constrained wp-container-core-group-is-layout-f72f1611 wp-block-group-is-layout-constrained is-style-ext-preset--group--natural-1--section--1\" id=\"galerie\" style=\"margin-top:0;margin-bottom:0;padding-top:var(--wp--preset--spacing--70);padding-bottom:var(--wp--preset--spacing--70)\">\n<div class=\"wp-block-group alignwide is-vertical is-layout-flex wp-container-core-group-is-layout-c35747d5 wp-block-group-is-layout-flex\">\n<div class=\"wp-block-group has-global-padding is-layout-constrained wp-container-core-group-is-layout-5e05634a wp-block-group-is-layout-constrained\">\n<h2 class=\"wp-block-heading\">Insight into masterful vehicle care<\/h2>\n\n\n\n<p class=\"has-text-align-left\">Discover our gallery with impressive photos that reflect the quality and expertise of our master automotive workshop.<\/p>\n<\/div>\n<\/div>\n\n\n\n<div class=\"wp-block-columns alignwide are-vertically-aligned-top is-layout-flex wp-container-core-columns-is-layout-87beb0d0 wp-block-columns-is-layout-flex\">\n<div class=\"wp-block-column is-vertically-aligned-top is-layout-flow wp-container-core-column-is-layout-f5bb311e wp-block-column-is-layout-flow\">\n<figure class=\"wp-block-image size-large is-style-ext-preset--image--natural-1--image-1--content-top is-style-ext-preset--image--natural-1--image-1--content-top--2\"><img loading=\"lazy\" decoding=\"async\" width=\"1024\" height=\"683\" src=\"https:\/\/mayer-tech.com\/wp-content\/uploads\/2026\/01\/DSC08666-1024x683.jpg\" alt=\"\" class=\"wp-image-76\" style=\"aspect-ratio:1;object-fit:cover\" srcset=\"https:\/\/mayer-tech.com\/wp-content\/uploads\/2026\/01\/DSC08666-1024x683.jpg 1024w, https:\/\/mayer-tech.com\/wp-content\/uploads\/2026\/01\/DSC08666-300x200.jpg 300w, https:\/\/mayer-tech.com\/wp-content\/uploads\/2026\/01\/DSC08666-768x512.jpg 768w, https:\/\/mayer-tech.com\/wp-content\/uploads\/2026\/01\/DSC08666-1536x1024.jpg 1536w, https:\/\/mayer-tech.com\/wp-content\/uploads\/2026\/01\/DSC08666-2048x1365.jpg 2048w, https:\/\/mayer-tech.com\/wp-content\/uploads\/2026\/01\/DSC08666-18x12.jpg 18w\" sizes=\"auto, (max-width: 1024px) 100vw, 1024px\" \/><\/figure>\n\n\n\n<figure class=\"wp-block-image size-large is-style-ext-preset--image--natural-1--image-1--content-top is-style-ext-preset--image--natural-1--image-1--content-top--3\"><img loading=\"lazy\" decoding=\"async\" width=\"1024\" height=\"683\" src=\"https:\/\/mayer-tech.com\/wp-content\/uploads\/2026\/01\/DSC08731-1024x683.jpg\" alt=\"\" class=\"wp-image-84\" style=\"aspect-ratio:1;object-fit:cover\" srcset=\"https:\/\/mayer-tech.com\/wp-content\/uploads\/2026\/01\/DSC08731-1024x683.jpg 1024w, https:\/\/mayer-tech.com\/wp-content\/uploads\/2026\/01\/DSC08731-300x200.jpg 300w, https:\/\/mayer-tech.com\/wp-content\/uploads\/2026\/01\/DSC08731-768x512.jpg 768w, https:\/\/mayer-tech.com\/wp-content\/uploads\/2026\/01\/DSC08731-1536x1024.jpg 1536w, https:\/\/mayer-tech.com\/wp-content\/uploads\/2026\/01\/DSC08731-2048x1365.jpg 2048w, https:\/\/mayer-tech.com\/wp-content\/uploads\/2026\/01\/DSC08731-18x12.jpg 18w\" sizes=\"auto, (max-width: 1024px) 100vw, 1024px\" \/><\/figure>\n<\/div>\n\n\n\n<div class=\"wp-block-column is-vertically-aligned-top is-layout-flow wp-container-core-column-is-layout-f5bb311e wp-block-column-is-layout-flow\">\n<figure class=\"wp-block-image size-large is-style-ext-preset--image--natural-1--image-1--content-top is-style-ext-preset--image--natural-1--image-1--content-top--4\"><img loading=\"lazy\" decoding=\"async\" width=\"1024\" height=\"934\" src=\"https:\/\/mayer-tech.com\/wp-content\/uploads\/2026\/01\/DSC08647-1024x934.jpg\" alt=\"\" class=\"wp-image-70\" style=\"aspect-ratio:1;object-fit:cover\" srcset=\"https:\/\/mayer-tech.com\/wp-content\/uploads\/2026\/01\/DSC08647-1024x934.jpg 1024w, https:\/\/mayer-tech.com\/wp-content\/uploads\/2026\/01\/DSC08647-300x274.jpg 300w, https:\/\/mayer-tech.com\/wp-content\/uploads\/2026\/01\/DSC08647-768x700.jpg 768w, https:\/\/mayer-tech.com\/wp-content\/uploads\/2026\/01\/DSC08647-1536x1400.jpg 1536w, https:\/\/mayer-tech.com\/wp-content\/uploads\/2026\/01\/DSC08647-2048x1867.jpg 2048w, https:\/\/mayer-tech.com\/wp-content\/uploads\/2026\/01\/DSC08647-13x12.jpg 13w\" sizes=\"auto, (max-width: 1024px) 100vw, 1024px\" \/><\/figure>\n\n\n\n<figure class=\"wp-block-image size-large is-style-ext-preset--image--natural-1--image-1--content-top is-style-ext-preset--image--natural-1--image-1--content-top--5\"><img loading=\"lazy\" decoding=\"async\" width=\"1024\" height=\"648\" src=\"https:\/\/mayer-tech.com\/wp-content\/uploads\/2026\/01\/DSC08618-1024x648.jpg\" alt=\"\" class=\"wp-image-63\" style=\"aspect-ratio:1;object-fit:cover\" srcset=\"https:\/\/mayer-tech.com\/wp-content\/uploads\/2026\/01\/DSC08618-1024x648.jpg 1024w, https:\/\/mayer-tech.com\/wp-content\/uploads\/2026\/01\/DSC08618-300x190.jpg 300w, https:\/\/mayer-tech.com\/wp-content\/uploads\/2026\/01\/DSC08618-768x486.jpg 768w, https:\/\/mayer-tech.com\/wp-content\/uploads\/2026\/01\/DSC08618-1536x972.jpg 1536w, https:\/\/mayer-tech.com\/wp-content\/uploads\/2026\/01\/DSC08618-2048x1297.jpg 2048w, https:\/\/mayer-tech.com\/wp-content\/uploads\/2026\/01\/DSC08618-18x12.jpg 18w\" sizes=\"auto, (max-width: 1024px) 100vw, 1024px\" \/><\/figure>\n<\/div>\n\n\n\n<div class=\"wp-block-column is-vertically-aligned-top is-layout-flow wp-container-core-column-is-layout-f5bb311e wp-block-column-is-layout-flow\">\n<figure class=\"wp-block-image size-large is-style-ext-preset--image--natural-1--image-1--content-top is-style-ext-preset--image--natural-1--image-1--content-top--6\"><img loading=\"lazy\" decoding=\"async\" width=\"1024\" height=\"1024\" src=\"https:\/\/mayer-tech.com\/wp-content\/uploads\/2026\/01\/DSC08651-1024x1024.jpg\" alt=\"\" class=\"wp-image-72\" style=\"aspect-ratio:1;object-fit:cover\" srcset=\"https:\/\/mayer-tech.com\/wp-content\/uploads\/2026\/01\/DSC08651-1024x1024.jpg 1024w, https:\/\/mayer-tech.com\/wp-content\/uploads\/2026\/01\/DSC08651-300x300.jpg 300w, https:\/\/mayer-tech.com\/wp-content\/uploads\/2026\/01\/DSC08651-150x150.jpg 150w, https:\/\/mayer-tech.com\/wp-content\/uploads\/2026\/01\/DSC08651-768x768.jpg 768w, https:\/\/mayer-tech.com\/wp-content\/uploads\/2026\/01\/DSC08651-1536x1536.jpg 1536w, https:\/\/mayer-tech.com\/wp-content\/uploads\/2026\/01\/DSC08651-2048x2048.jpg 2048w, https:\/\/mayer-tech.com\/wp-content\/uploads\/2026\/01\/DSC08651-12x12.jpg 12w\" sizes=\"auto, (max-width: 1024px) 100vw, 1024px\" \/><\/figure>\n\n\n\n<figure class=\"wp-block-image size-large is-style-ext-preset--image--natural-1--image-1--content-top is-style-ext-preset--image--natural-1--image-1--content-top--7\"><img loading=\"lazy\" decoding=\"async\" width=\"1024\" height=\"683\" src=\"https:\/\/mayer-tech.com\/wp-content\/uploads\/2026\/01\/DSC08797-1024x683.jpg\" alt=\"\" class=\"wp-image-88\" style=\"aspect-ratio:1;object-fit:cover\" srcset=\"https:\/\/mayer-tech.com\/wp-content\/uploads\/2026\/01\/DSC08797-1024x683.jpg 1024w, https:\/\/mayer-tech.com\/wp-content\/uploads\/2026\/01\/DSC08797-300x200.jpg 300w, https:\/\/mayer-tech.com\/wp-content\/uploads\/2026\/01\/DSC08797-768x512.jpg 768w, https:\/\/mayer-tech.com\/wp-content\/uploads\/2026\/01\/DSC08797-1536x1024.jpg 1536w, https:\/\/mayer-tech.com\/wp-content\/uploads\/2026\/01\/DSC08797-2048x1365.jpg 2048w, https:\/\/mayer-tech.com\/wp-content\/uploads\/2026\/01\/DSC08797-18x12.jpg 18w\" sizes=\"auto, (max-width: 1024px) 100vw, 1024px\" \/><\/figure>\n<\/div>\n\n\n\n<div class=\"wp-block-column is-vertically-aligned-top is-layout-flow wp-container-core-column-is-layout-f5bb311e wp-block-column-is-layout-flow\">\n<figure class=\"wp-block-image size-large is-style-ext-preset--image--natural-1--image-1--content-top is-style-ext-preset--image--natural-1--image-1--content-top--8\"><img loading=\"lazy\" decoding=\"async\" width=\"1024\" height=\"683\" src=\"https:\/\/mayer-tech.com\/wp-content\/uploads\/2026\/01\/DSC08653-1024x683.jpg\" alt=\"\" class=\"wp-image-73\" style=\"aspect-ratio:1;object-fit:cover\" srcset=\"https:\/\/mayer-tech.com\/wp-content\/uploads\/2026\/01\/DSC08653-1024x683.jpg 1024w, https:\/\/mayer-tech.com\/wp-content\/uploads\/2026\/01\/DSC08653-300x200.jpg 300w, https:\/\/mayer-tech.com\/wp-content\/uploads\/2026\/01\/DSC08653-768x512.jpg 768w, https:\/\/mayer-tech.com\/wp-content\/uploads\/2026\/01\/DSC08653-1536x1024.jpg 1536w, https:\/\/mayer-tech.com\/wp-content\/uploads\/2026\/01\/DSC08653-2048x1365.jpg 2048w, https:\/\/mayer-tech.com\/wp-content\/uploads\/2026\/01\/DSC08653-18x12.jpg 18w\" sizes=\"auto, (max-width: 1024px) 100vw, 1024px\" \/><\/figure>\n\n\n\n<figure class=\"wp-block-image size-large is-style-ext-preset--image--natural-1--image-1--content-top is-style-ext-preset--image--natural-1--image-1--content-top--9\"><img loading=\"lazy\" decoding=\"async\" width=\"683\" height=\"1024\" src=\"https:\/\/mayer-tech.com\/wp-content\/uploads\/2026\/01\/DSC08631-683x1024.jpg\" alt=\"\" class=\"wp-image-66\" style=\"aspect-ratio:1;object-fit:cover\" srcset=\"https:\/\/mayer-tech.com\/wp-content\/uploads\/2026\/01\/DSC08631-683x1024.jpg 683w, https:\/\/mayer-tech.com\/wp-content\/uploads\/2026\/01\/DSC08631-200x300.jpg 200w, https:\/\/mayer-tech.com\/wp-content\/uploads\/2026\/01\/DSC08631-768x1152.jpg 768w, https:\/\/mayer-tech.com\/wp-content\/uploads\/2026\/01\/DSC08631-1024x1536.jpg 1024w, https:\/\/mayer-tech.com\/wp-content\/uploads\/2026\/01\/DSC08631-1365x2048.jpg 1365w, https:\/\/mayer-tech.com\/wp-content\/uploads\/2026\/01\/DSC08631-8x12.jpg 8w, https:\/\/mayer-tech.com\/wp-content\/uploads\/2026\/01\/DSC08631-scaled.jpg 1707w\" sizes=\"auto, (max-width: 683px) 100vw, 683px\" \/><\/figure>\n<\/div>\n<\/div>\n<\/div>\n\n\n\n<div class=\"wp-block-group alignfull is-style-ext-preset--group--natural-1--section has-tertiary-background-color has-background has-global-padding is-layout-constrained wp-block-group-is-layout-constrained is-style-ext-preset--group--natural-1--section--10\" id=\"ueber-uns\" style=\"margin-top:0;margin-bottom:0;padding-top:var(--wp--preset--spacing--70);padding-bottom:var(--wp--preset--spacing--70)\">\n<div class=\"wp-block-columns alignwide are-vertically-aligned-center is-layout-flex wp-container-core-columns-is-layout-174606dc wp-block-columns-is-layout-flex\">\n<div class=\"wp-block-column is-vertically-aligned-center is-layout-flow wp-block-column-is-layout-flow\">\n<div class=\"wp-block-group alignwide is-vertical is-layout-flex wp-container-core-group-is-layout-c35747d5 wp-block-group-is-layout-flex\">\n<div class=\"wp-block-group has-global-padding is-layout-constrained wp-container-core-group-is-layout-dd32767c wp-block-group-is-layout-constrained\">\n<h2 class=\"wp-block-heading\">Professional car repairs with confidence and quality<\/h2>\n\n\n\n<p>MayerTech stands for reliable automotive master craftsmanship with a focus on precision and customer satisfaction. We combine tradition with state-of-the-art technology.<\/p>\n<\/div>\n<\/div>\n<\/div>\n\n\n\n<div class=\"wp-block-column is-vertically-aligned-center is-layout-flow wp-block-column-is-layout-flow\">\n<figure class=\"wp-block-image size-large is-style-ext-preset--image--natural-1--image-1--content-left is-style-ext-preset--image--natural-1--image-1--content-left--11\"><img loading=\"lazy\" decoding=\"async\" width=\"683\" height=\"1024\" src=\"https:\/\/mayer-tech.com\/wp-content\/uploads\/2026\/01\/DSC08757-683x1024.jpg\" alt=\"\" class=\"wp-image-85\" style=\"aspect-ratio:1;object-fit:cover\" srcset=\"https:\/\/mayer-tech.com\/wp-content\/uploads\/2026\/01\/DSC08757-683x1024.jpg 683w, https:\/\/mayer-tech.com\/wp-content\/uploads\/2026\/01\/DSC08757-200x300.jpg 200w, https:\/\/mayer-tech.com\/wp-content\/uploads\/2026\/01\/DSC08757-768x1152.jpg 768w, https:\/\/mayer-tech.com\/wp-content\/uploads\/2026\/01\/DSC08757-1024x1536.jpg 1024w, https:\/\/mayer-tech.com\/wp-content\/uploads\/2026\/01\/DSC08757-1365x2048.jpg 1365w, https:\/\/mayer-tech.com\/wp-content\/uploads\/2026\/01\/DSC08757-8x12.jpg 8w, https:\/\/mayer-tech.com\/wp-content\/uploads\/2026\/01\/DSC08757-scaled.jpg 1707w\" sizes=\"auto, (max-width: 683px) 100vw, 683px\" \/><\/figure>\n<\/div>\n<\/div>\n<\/div>","protected":false},"excerpt":{"rendered":"<p>Einblick in meisterhafte Fahrzeugpflege Entdecken Sie unsere Galerie mit eindrucksvollen Fotos, die Qualit\u00e4t und Kompetenz unseres KFZ-Meisterbetriebs widerspiegeln. Professionelle Autoreparaturen mit Vertrauen und Qualit\u00e4t MayerTech steht f\u00fcr zuverl\u00e4ssige KFZ-Meisterarbeit mit Fokus auf Pr\u00e4zision und Kundenzufriedenheit. Wir verbinden Tradition mit modernster Technik.<\/p>","protected":false},"author":1,"featured_media":0,"parent":0,"menu_order":0,"comment_status":"closed","ping_status":"closed","template":"page-with-title","meta":{"footnotes":""},"class_list":["post-28","page","type-page","status-publish","hentry"],"_links":{"self":[{"href":"https:\/\/mayer-tech.com\/en\/wp-json\/wp\/v2\/pages\/28","targetHints":{"allow":["GET"]}}],"collection":[{"href":"https:\/\/mayer-tech.com\/en\/wp-json\/wp\/v2\/pages"}],"about":[{"href":"https:\/\/mayer-tech.com\/en\/wp-json\/wp\/v2\/types\/page"}],"author":[{"embeddable":true,"href":"https:\/\/mayer-tech.com\/en\/wp-json\/wp\/v2\/users\/1"}],"replies":[{"embeddable":true,"href":"https:\/\/mayer-tech.com\/en\/wp-json\/wp\/v2\/comments?post=28"}],"version-history":[{"count":11,"href":"https:\/\/mayer-tech.com\/en\/wp-json\/wp\/v2\/pages\/28\/revisions"}],"predecessor-version":[{"id":204,"href":"https:\/\/mayer-tech.com\/en\/wp-json\/wp\/v2\/pages\/28\/revisions\/204"}],"wp:attachment":[{"href":"https:\/\/mayer-tech.com\/en\/wp-json\/wp\/v2\/media?parent=28"}],"curies":[{"name":"wp","href":"https:\/\/api.w.org\/{rel}","templated":true}]}}